{"id":433,"date":"2025-08-06T12:10:41","date_gmt":"2025-08-06T10:10:41","guid":{"rendered":"https:\/\/aviglianabasket.it\/?page_id=433"},"modified":"2026-03-21T18:23:33","modified_gmt":"2026-03-21T17:23:33","slug":"safeguarding","status":"publish","type":"page","link":"https:\/\/www.aviglianabasket.it\/?page_id=433","title":{"rendered":"Safeguarding"},"content":{"rendered":"\t\t<div data-elementor-type=\"wp-page\" data-elementor-id=\"433\" class=\"elementor elementor-433\">\n\t\t\t\t<div class=\"elementor-element elementor-element-29f8e03 e-con-full e-flex e-con e-parent\" data-id=\"29f8e03\" data-element_type=\"container\">\n\t\t\t\t<div class=\"elementor-element elementor-element-cfeb0d8 elementor-widget elementor-widget-spacer\" data-id=\"cfeb0d8\" data-element_type=\"widget\" data-widget_type=\"spacer.default\">\n\t\t\t\t\t\t\t<div class=\"elementor-spacer\">\n\t\t\t<div class=\"elementor-spacer-inner\"><\/div>\n\t\t<\/div>\n\t\t\t\t\t\t<\/div>\n\t\t\t\t<div class=\"elementor-element elementor-element-8b7a07f elementor-widget elementor-widget-heading\" data-id=\"8b7a07f\" data-element_type=\"widget\" data-widget_type=\"heading.default\">\n\t\t\t\t\t<h2 class=\"elementor-heading-title elementor-size-default\">SAFEGUARDING<\/h2>\t\t\t\t<\/div>\n\t\t<div class=\"elementor-element elementor-element-938ba1f e-con-full e-flex e-con e-child\" data-id=\"938ba1f\" data-element_type=\"container\">\n\t\t\t\t<div class=\"elementor-element elementor-element-5f6f51a elementor-widget elementor-widget-text-editor\" data-id=\"5f6f51a\" data-element_type=\"widget\" data-widget_type=\"text-editor.default\">\n\t\t\t\t\t\t\t\t\t<div class=\"gmail_signature\" dir=\"ltr\" data-smartmail=\"gmail_signature\">Il decreto legislativo del 28 febbraio 2021 n.39 conosciuto come \u201cSafeguarding\u201d, intitolato \u201csemplificazione di adempimenti relativi agli organismi sportivi\u201d,\u00a0promuove un maggiore impegno e sensibilit\u00e0 nel mondo dello sport.\u00a0<\/div><div><div><p>Questo decreto\u00a0incentiva la creazione di un ambiente inclusivo, che rispetti la dignit\u00e0 e i diritti di tutti i partecipanti alle attivit\u00e0 sportive, introducendo dei requisiti specifici, ben dettagliati, che devono rispettare le societ\u00e0 sportive.<\/p><p>Gli\u00a0obiettivi principali\u00a0includono:Parit\u00e0 di genere tra uomo e donna<\/p><p>Tutela dei minori<\/p><p>Contrasto alla violenza di genere e alle discriminazioni<\/p><p>Per raggiungere questi obiettivi\u00a0vengono adottate misure preventive e di controllo denominate \u201csafeguarding\u201d.<\/p><\/div><\/div><div><div><h2>Modelli Organizzativi e Codici di Condotta<\/h2><\/div><\/div><div><div><p>I Modelli organizzativi e di controllo sono documenti volti a minimizzare e gestire i rischi di abuso, violenza e discriminazione.\u00a0<\/p><p>Originano dal d.lgs. 231\/2001 sulla responsabilit\u00e0 degli enti e sono stati recepiti anche nell\u2019ordinamento sportivo.<\/p><p>I Codici di Condotta traducono i principi di lealt\u00e0, correttezza, inclusione ed equit\u00e0 in azioni concrete\u00a0e divieti, eliminando gli ostacoli alla loro realizzazione.<\/p><p>I Modelli devono includere modalit\u00e0 di prevenzione e gestione del rischio, protocolli per la gestione delle segnalazioni e obblighi informativi.<\/p><p>I Codici di condotta devono prevedere obblighi, divieti e buone pratiche\u00a0per rispettare i principi di safeguarding e prevenire ogni forma di abuso, violenza e discriminazione.<\/p><p>Ogni affiliato deve nominare un \u201cResponsabile contro abusi, violenze e discriminazioni\u201d, dotato delle competenze necessarie, autonomo e indipendente, coordinato con il Safeguarding Officer dell\u2019Ente di affiliazione.<\/p><p>L\u2019art. 16, comma 4, del d.lgs. 39\/2021 prevede che, se un affiliato ha gi\u00e0 un Modello 231, debba integrarlo secondo la nuova normativa.\u00a0Questo approccio integrato nella gestione dei rischi di compliance aziendale evita sovrapposizioni e migliora l\u2019efficienza delle performance.<\/p><p>Lo standard internazionale ISO 37301:2021 sancisce il metodo integrato per la gestione della compliance, un parametro guida per tutte le organizzazioni.<\/p><p id=\"m_5233631203648947008gmail-cosaDobbiamoFare\">L\u2019integrazione degli strumenti di safeguarding\u00a0nell\u2019<wbr \/>organizzazione sportiva, come i Modelli di organizzazione e controllo e i Codici di Condotta,\u00a0assicura una tutela efficace e conforme alle norme, coordinando le nuove regole con le misure di prevenzione e controllo esistenti.<\/p><\/div><\/div>\t\t\t\t\t\t\t\t<\/div>\n\t\t<div class=\"elementor-element elementor-element-2b448c0 e-con-full e-flex e-con e-child\" data-id=\"2b448c0\" data-element_type=\"container\" data-settings=\"{&quot;background_background&quot;:&quot;classic&quot;}\">\n\t\t\t\t<div class=\"elementor-element elementor-element-101b013 elementor-widget elementor-widget-text-editor\" data-id=\"101b013\" data-element_type=\"widget\" data-widget_type=\"text-editor.default\">\n\t\t\t\t\t\t\t\t\t<h2>CODICE DI CONDOTTA Avigliana Basket<\/h2>\t\t\t\t\t\t\t\t<\/div>\n\t\t\t\t<div class=\"elementor-element elementor-element-6e19979 elementor-align-center elementor-widget elementor-widget-button\" data-id=\"6e19979\" data-element_type=\"widget\" data-widget_type=\"button.default\">\n\t\t\t\t\t\t\t\t\t\t<a class=\"elementor-button elementor-button-link elementor-size-sm\" href=\"https:\/\/aviglianabasket.it\/wp-content\/uploads\/2025\/08\/Codice-di-condotta-PAB.pdf\" target=\"_blank\">\n\t\t\t\t\t\t<span class=\"elementor-button-content-wrapper\">\n\t\t\t\t\t\t\t\t\t<span class=\"elementor-button-text\">Visiona \/ Scarica Modulo<\/span>\n\t\t\t\t\t<\/span>\n\t\t\t\t\t<\/a>\n\t\t\t\t\t\t\t\t<\/div>\n\t\t\t\t<div class=\"elementor-element elementor-element-d4246b1 elementor-widget elementor-widget-text-editor\" data-id=\"d4246b1\" data-element_type=\"widget\" data-widget_type=\"text-editor.default\">\n\t\t\t\t\t\t\t\t\t<h2>MODELLO ORGANIZZATIVO Avigliana Basket<\/h2>\t\t\t\t\t\t\t\t<\/div>\n\t\t\t\t<div class=\"elementor-element elementor-element-ea89930 elementor-align-center elementor-widget elementor-widget-button\" data-id=\"ea89930\" data-element_type=\"widget\" data-widget_type=\"button.default\">\n\t\t\t\t\t\t\t\t\t\t<a class=\"elementor-button elementor-button-link elementor-size-sm\" href=\"https:\/\/aviglianabasket.it\/wp-content\/uploads\/2025\/08\/Modello-Organizzativo-e-di-controllo.pdf\" target=\"_blank\">\n\t\t\t\t\t\t<span class=\"elementor-button-content-wrapper\">\n\t\t\t\t\t\t\t\t\t<span class=\"elementor-button-text\">Visiona \/ Scarica Modulo<\/span>\n\t\t\t\t\t<\/span>\n\t\t\t\t\t<\/a>\n\t\t\t\t\t\t\t\t<\/div>\n\t\t\t\t<\/div>\n\t\t\t\t<\/div>\n\t\t\t\t<\/div>\n\t\t<div class=\"elementor-element elementor-element-3525056 e-con-full e-flex e-con e-parent\" data-id=\"3525056\" data-element_type=\"container\">\n\t\t\t\t<\/div>\n\t\t\t\t<\/div>\n\t\t","protected":false},"excerpt":{"rendered":"<p>SAFEGUARDING Il decreto legislativo del 28 febbraio 2021 n.39 conosciuto come \u201cSafeguarding\u201d, intitolato \u201csemplificazione di adempimenti relativi agli organismi sportivi\u201d,\u00a0promuove [&hellip;]<\/p>\n","protected":false},"author":1,"featured_media":0,"parent":0,"menu_order":0,"comment_status":"closed","ping_status":"closed","template":"","meta":{"site-sidebar-layout":"default","site-content-layout":"","ast-site-content-layout":"default","site-content-style":"default","site-sidebar-style":"default","ast-global-header-display":"","ast-banner-title-visibility":"","ast-main-header-display":"","ast-hfb-above-header-display":"","ast-hfb-below-header-display":"","ast-hfb-mobile-header-display":"","site-post-title":"disabled","ast-breadcrumbs-content":"","ast-featured-img":"","footer-sml-layout":"","theme-transparent-header-meta":"","adv-header-id-meta":"","stick-header-meta":"","header-above-stick-meta":"","header-main-stick-meta":"","header-below-stick-meta":"","astra-migrate-meta-layouts":"default","ast-page-background-enabled":"default","ast-page-background-meta":{"desktop":{"background-color":"var(--ast-global-color-5)","background-image":"","background-repeat":"repeat","background-position":"center center","background-size":"auto","background-attachment":"scroll","background-type":"","background-media":"","overlay-type":"","overlay-color":"","overlay-opacity":"","overlay-gradient":""},"tablet":{"background-color":"","background-image":"","background-repeat":"repeat","background-position":"center center","background-size":"auto","background-attachment":"scroll","background-type":"","background-media":"","overlay-type":"","overlay-color":"","overlay-opacity":"","overlay-gradient":""},"mobile":{"background-color":"","background-image":"","background-repeat":"repeat","background-position":"center center","background-size":"auto","background-attachment":"scroll","background-type":"","background-media":"","overlay-type":"","overlay-color":"","overlay-opacity":"","overlay-gradient":""}},"ast-content-background-meta":{"desktop":{"background-color":"var(--ast-global-color-4)","background-image":"","background-repeat":"repeat","background-position":"center center","background-size":"auto","background-attachment":"scroll","background-type":"","background-media":"","overlay-type":"","overlay-color":"","overlay-opacity":"","overlay-gradient":""},"tablet":{"background-color":"var(--ast-global-color-4)","background-image":"","background-repeat":"repeat","background-position":"center center","background-size":"auto","background-attachment":"scroll","background-type":"","background-media":"","overlay-type":"","overlay-color":"","overlay-opacity":"","overlay-gradient":""},"mobile":{"background-color":"var(--ast-global-color-4)","background-image":"","background-repeat":"repeat","background-position":"center center","background-size":"auto","background-attachment":"scroll","background-type":"","background-media":"","overlay-type":"","overlay-color":"","overlay-opacity":"","overlay-gradient":""}},"footnotes":""},"class_list":["post-433","page","type-page","status-publish","hentry"],"_links":{"self":[{"href":"https:\/\/www.aviglianabasket.it\/index.php?rest_route=\/wp\/v2\/pages\/433","targetHints":{"allow":["GET"]}}],"collection":[{"href":"https:\/\/www.aviglianabasket.it\/index.php?rest_route=\/wp\/v2\/pages"}],"about":[{"href":"https:\/\/www.aviglianabasket.it\/index.php?rest_route=\/wp\/v2\/types\/page"}],"author":[{"embeddable":true,"href":"https:\/\/www.aviglianabasket.it\/index.php?rest_route=\/wp\/v2\/users\/1"}],"replies":[{"embeddable":true,"href":"https:\/\/www.aviglianabasket.it\/index.php?rest_route=%2Fwp%2Fv2%2Fcomments&post=433"}],"version-history":[{"count":535,"href":"https:\/\/www.aviglianabasket.it\/index.php?rest_route=\/wp\/v2\/pages\/433\/revisions"}],"predecessor-version":[{"id":5859,"href":"https:\/\/www.aviglianabasket.it\/index.php?rest_route=\/wp\/v2\/pages\/433\/revisions\/5859"}],"wp:attachment":[{"href":"https:\/\/www.aviglianabasket.it\/index.php?rest_route=%2Fwp%2Fv2%2Fmedia&parent=433"}],"curies":[{"name":"wp","href":"https:\/\/api.w.org\/{rel}","templated":true}]}}