{"id":254,"date":"2025-08-06T07:49:53","date_gmt":"2025-08-06T05:49:53","guid":{"rendered":"https:\/\/aviglianabasket.it\/?page_id=254"},"modified":"2026-03-21T18:19:13","modified_gmt":"2026-03-21T17:19:13","slug":"societa","status":"publish","type":"page","link":"https:\/\/www.aviglianabasket.it\/?page_id=254","title":{"rendered":"Societ\u00e0"},"content":{"rendered":"\t\t<div data-elementor-type=\"wp-page\" data-elementor-id=\"254\" class=\"elementor elementor-254\">\n\t\t\t\t<div class=\"elementor-element elementor-element-29f8e03 e-con-full e-flex e-con e-parent\" data-id=\"29f8e03\" data-element_type=\"container\">\n\t\t\t\t<div class=\"elementor-element elementor-element-cfeb0d8 elementor-widget elementor-widget-spacer\" data-id=\"cfeb0d8\" data-element_type=\"widget\" data-widget_type=\"spacer.default\">\n\t\t\t\t\t\t\t<div class=\"elementor-spacer\">\n\t\t\t<div class=\"elementor-spacer-inner\"><\/div>\n\t\t<\/div>\n\t\t\t\t\t\t<\/div>\n\t\t\t\t<div class=\"elementor-element elementor-element-8b7a07f elementor-widget elementor-widget-heading\" data-id=\"8b7a07f\" data-element_type=\"widget\" data-widget_type=\"heading.default\">\n\t\t\t\t\t<h2 class=\"elementor-heading-title elementor-size-default\">LA NOSTRA STORIA<\/h2>\t\t\t\t<\/div>\n\t\t<div class=\"elementor-element elementor-element-9d61874 e-con-full e-flex e-con e-child\" data-id=\"9d61874\" data-element_type=\"container\">\n\t\t\t\t<div class=\"elementor-element elementor-element-b1e067e elementor-widget elementor-widget-text-editor\" data-id=\"b1e067e\" data-element_type=\"widget\" data-widget_type=\"text-editor.default\">\n\t\t\t\t\t\t\t\t\t<p>Non sono passati nemmeno 8 anni da quando abbiamo deciso di tuffarci in questa avventura. Allora avevamo tanti progetti e sogni nel cassetto, oggi, ripensando all&#8217;estate dele 2017, ci rendiamo conto che siamo andati ben oltre le nostre aspettative. Da allora la nostra famiglia si \u00e8 allargata, altri amici si sono uniti al progetto e l&#8217; Avigliana Basket, grazie alla sua vocazione inclusiva, \u00e8 diventata una splendida realt\u00e0 che si \u00e8 trasformata in una Polisportiva con oltre 450 soci. Tutto questo non sarebbe stato possibile senza il supporto e la fiducia delle famiglie e dei nostri sostenitori. Il viaggio \u00e8 appena iniziato e abbiamo idee incredibili. Insieme \u00e8 possibile<\/p><p>IL DIRETTIVO<\/p>\t\t\t\t\t\t\t\t<\/div>\n\t\t<div class=\"elementor-element elementor-element-d2c02a6 e-grid e-con-full e-con e-child\" data-id=\"d2c02a6\" data-element_type=\"container\">\n\t\t\t\t<div class=\"elementor-element elementor-element-f4323c5 elementor-widget elementor-widget-image\" data-id=\"f4323c5\" data-element_type=\"widget\" data-widget_type=\"image.default\">\n\t\t\t\t\t\t\t\t\t\t\t\t\t\t\t<img fetchpriority=\"high\" decoding=\"async\" crossorigin=\"anonymous\" width=\"902\" height=\"1024\" src=\"https:\/\/www.aviglianabasket.it\/wp-content\/uploads\/2025\/08\/WhatsApp-Image-2025-08-08-at-10.27.48-902x1024.jpeg\" class=\"attachment-large size-large wp-image-624\" alt=\"\" srcset=\"https:\/\/www.aviglianabasket.it\/wp-content\/uploads\/2025\/08\/WhatsApp-Image-2025-08-08-at-10.27.48-902x1024.jpeg 902w, https:\/\/www.aviglianabasket.it\/wp-content\/uploads\/2025\/08\/WhatsApp-Image-2025-08-08-at-10.27.48-264x300.jpeg 264w, https:\/\/www.aviglianabasket.it\/wp-content\/uploads\/2025\/08\/WhatsApp-Image-2025-08-08-at-10.27.48-768x872.jpeg 768w, https:\/\/www.aviglianabasket.it\/wp-content\/uploads\/2025\/08\/WhatsApp-Image-2025-08-08-at-10.27.48-1353x1536.jpeg 1353w, https:\/\/www.aviglianabasket.it\/wp-content\/uploads\/2025\/08\/WhatsApp-Image-2025-08-08-at-10.27.48-1804x2048.jpeg 1804w\" sizes=\"(max-width: 902px) 100vw, 902px\" title=\"\">\t\t\t\t\t\t\t\t\t\t\t\t\t\t\t<\/div>\n\t\t\t\t<div class=\"elementor-element elementor-element-128fc1f elementor-widget elementor-widget-text-editor\" data-id=\"128fc1f\" data-element_type=\"widget\" data-widget_type=\"text-editor.default\">\n\t\t\t\t\t\t\t\t\t<h3 dir=\"auto\">\ud835\udc04\ud835\udc0b\ud835\udc04\ud835\udc13\ud835\udc13\ud835\udc0e \ud835\udc08\ud835\udc0b \ud835\udc0d\ud835\udc14\ud835\udc0e\ud835\udc15\ud835\udc0e \ud835\udc03\ud835\udc08\ud835\udc11\ud835\udc04\ud835\udc13\ud835\udc13\ud835\udc08\ud835\udc15\ud835\udc0e \ud835\udc03\ud835\udc04\ud835\udc0b\ud835\udc0b\ud835\udc00 \ud835\udc0f\ud835\udc0e\ud835\udc0b\ud835\udc08\ud835\udc12\ud835\udc0f\ud835\udc0e\ud835\udc11\ud835\udc13\ud835\udc08\ud835\udc15\ud835\udc00!<\/h3><h4 dir=\"auto\">La Polisportiva Avigliana Basket comunica che nell\u2019ultima assemblea soci del 28 giugno 2025 \u00e8 stato rinnovato il Consiglio direttivo dell\u2019associazione che proprio in questa stagione terminava il suo mandato quadriennale.\u00a0<\/h4><h5><span style=\"color: #00ff00;\"><em><strong><span style=\"color: #ffffff;\">PRESIDENTE :<\/span> Paragamyan Argun<\/strong><\/em><\/span><\/h5><h5><span style=\"color: #00ff00;\"><em><strong><span style=\"color: #ffffff;\">Vicepresidente :<\/span> Barella Vittorio<\/strong><\/em><\/span><\/h5><h5><span style=\"color: #00ff00;\"><em><strong><span style=\"color: #ffffff;\">Segretaria :<\/span> De Santis Serena<\/strong><\/em><\/span><\/h5><h5><span style=\"color: #00ff00;\"><em><strong><span style=\"color: #ffffff;\">Rsp. Sett. Maschile :<\/span> Chiodo Alberto<\/strong><\/em><\/span><\/h5><h5><span style=\"color: #00ff00;\"><em><strong><span style=\"color: #ffffff;\">Res.Sett.Femminile :<\/span> Volpengo Alessandro<\/strong><\/em><\/span><\/h5><h4>Consiglieri :<\/h4><h6><span style=\"color: #f7f2f2;\">Calabro&#8217; Francesco\u00a0<\/span><\/h6><h6><span style=\"color: #f7f2f2;\">Castagneri Roberto\u00a0<\/span><\/h6><h6><span style=\"color: #f7f2f2;\">Morra Alberto\u00a0<\/span><\/h6><h6><span style=\"color: #f7f2f2;\">Rossino Francesco\u00a0<\/span><\/h6><h6><span style=\"color: #f7f2f2;\">Rossino Roberto<\/span><\/h6>\t\t\t\t\t\t\t\t<\/div>\n\t\t\t\t<\/div>\n\t\t\t\t<\/div>\n\t\t<div class=\"elementor-element elementor-element-938ba1f e-con-full e-flex e-con e-child\" data-id=\"938ba1f\" data-element_type=\"container\">\n\t\t<div class=\"elementor-element elementor-element-b2ce3d2 e-grid e-con-full e-con e-child\" data-id=\"b2ce3d2\" data-element_type=\"container\">\n\t\t\t\t<div class=\"elementor-element elementor-element-cbe4cd5 elementor-widget elementor-widget-image\" data-id=\"cbe4cd5\" data-element_type=\"widget\" data-widget_type=\"image.default\">\n\t\t\t\t\t\t\t\t\t\t\t\t\t\t\t<img decoding=\"async\" crossorigin=\"anonymous\" width=\"768\" height=\"768\" src=\"https:\/\/www.aviglianabasket.it\/wp-content\/uploads\/2025\/08\/Direttivo-1-768x768-1.jpg\" class=\"attachment-large size-large wp-image-256\" alt=\"\" srcset=\"https:\/\/www.aviglianabasket.it\/wp-content\/uploads\/2025\/08\/Direttivo-1-768x768-1.jpg 768w, https:\/\/www.aviglianabasket.it\/wp-content\/uploads\/2025\/08\/Direttivo-1-768x768-1-300x300.jpg 300w, https:\/\/www.aviglianabasket.it\/wp-content\/uploads\/2025\/08\/Direttivo-1-768x768-1-150x150.jpg 150w\" sizes=\"(max-width: 768px) 100vw, 768px\" title=\"\">\t\t\t\t\t\t\t\t\t\t\t\t\t\t\t<\/div>\n\t\t\t\t<div class=\"elementor-element elementor-element-0d8e8bd elementor-widget elementor-widget-text-editor\" data-id=\"0d8e8bd\" data-element_type=\"widget\" data-widget_type=\"text-editor.default\">\n\t\t\t\t\t\t\t\t\t<div><div><h3>I NOSTRI VALORI<\/h3><\/div><\/div><div><div><p><em>Non c\u2019\u00e8 sfida pi\u00f9 bella di non perdere nessuno per strada, di non lasciarlo indietro.<\/em><\/p><p>Mario Rigoni Stern \u201cIl sergente nella neve\u201d.<\/p><p>L\u2019associazione Polisportiva Avigliana Basket\u00a0 \u00e8 una giovane realt\u00e0 sportiva\u00a0 nata\u00a0 attorno\u00a0 all\u2019esperienza\u00a0 della\u00a0 storica Avigliana Basket. Nel\u00a02017\u00a0con il\u00a0 cambio\u00a0 generazionale\u00a0 nel\u00a0 direttivo\u00a0 della\u00a0 societ\u00e0 \u00e8 subentrato un gruppo di giovani dirigenti che ha rilanciato il progetto sportivo a partire da una precisa concezione di sport che deve anche essere\u00a0 in\u00a0 grado di\u00a0 mettersi\u00a0 al servizio del territorio come soggetto attivo che\u00a0 contribuisce al benessere\u00a0 dei singoli ed al miglioramento della qualit\u00e0 della vita delle\u00a0 comunit\u00e0.\u00a0 Un modello\u00a0 di sport che crea occasioni di\u00a0 aggregazione e\u00a0 di\u00a0 promozione\u00a0 culturale e non si limita\u00a0 \u00a0a coltivare\u00a0 il\u00a0 talento\u00a0 sportivo\u00a0 ma\u00a0 si\u00a0 \u00a0propone\u00a0 come\u00a0 strumento\u00a0 di\u00a0 inclusione sociale capace di educare, formare e\u00a0 diffondere uno stile di vita sano in tutte le fasce d\u2019et\u00e0.\u00a0<\/p><p><em>\u201cSe vuoi arrivare primo corri da solo, se vuoi arrivare lontano, camminiamo insieme\u201d<\/em><\/p><\/div><\/div>\t\t\t\t\t\t\t\t<\/div>\n\t\t\t\t<\/div>\n\t\t\t\t<\/div>\n\t\t\t\t<div class=\"elementor-element elementor-element-8ef5c98 elementor-widget elementor-widget-heading\" data-id=\"8ef5c98\" data-element_type=\"widget\" data-widget_type=\"heading.default\">\n\t\t\t\t\t<h2 class=\"elementor-heading-title elementor-size-default\">I Nostri \"CAMPI\" di Lavoro<\/h2>\t\t\t\t<\/div>\n\t\t<div class=\"elementor-element elementor-element-f6e48cc e-grid e-con-full e-con e-child\" data-id=\"f6e48cc\" data-element_type=\"container\">\n\t\t\t\t<div class=\"elementor-element elementor-element-b4a94a6 elementor-widget elementor-widget-image\" data-id=\"b4a94a6\" data-element_type=\"widget\" data-widget_type=\"image.default\">\n\t\t\t\t\t\t\t\t\t\t\t\t\t\t\t<img decoding=\"async\" crossorigin=\"anonymous\" src=\"https:\/\/www.aviglianabasket.it\/wp-content\/uploads\/elementor\/thumbs\/AA_GIOCOSPORT-r9ug9urecx2nznupxfnks1pu7iy5qmdoxd47f4ii4k.jpeg\" title=\"AA_GIOCOSPORT\" alt=\"AA_GIOCOSPORT\" loading=\"lazy\" \/>\t\t\t\t\t\t\t\t\t\t\t\t\t\t\t<\/div>\n\t\t\t\t<div class=\"elementor-element elementor-element-eeb2c02 elementor-widget elementor-widget-text-editor\" data-id=\"eeb2c02\" data-element_type=\"widget\" data-widget_type=\"text-editor.default\">\n\t\t\t\t\t\t\t\t\t<h3><strong>Progetto Scuole<\/strong><\/h3><p>Giocosport presso le scuole primarie con isttruttori qualificati<\/p>\t\t\t\t\t\t\t\t<\/div>\n\t\t\t\t<div class=\"elementor-element elementor-element-e9d1c33 elementor-widget elementor-widget-image\" data-id=\"e9d1c33\" data-element_type=\"widget\" data-widget_type=\"image.default\">\n\t\t\t\t\t\t\t\t\t\t\t\t\t\t\t<img decoding=\"async\" crossorigin=\"anonymous\" src=\"https:\/\/www.aviglianabasket.it\/wp-content\/uploads\/elementor\/thumbs\/AA_MINIBASKET-r9ug9xkwxf6iyhqmgyvghj07zok9dpovxr2nuyeblw.jpeg\" title=\"AA_MINIBASKET\" alt=\"AA_MINIBASKET\" loading=\"lazy\" \/>\t\t\t\t\t\t\t\t\t\t\t\t\t\t\t<\/div>\n\t\t\t\t<div class=\"elementor-element elementor-element-baab96a elementor-widget elementor-widget-text-editor\" data-id=\"baab96a\" data-element_type=\"widget\" data-widget_type=\"text-editor.default\">\n\t\t\t\t\t\t\t\t\t<h3>Minibasket<\/h3><p>Basket per bambini dai 6 agli 11 anni da compiere<\/p>\t\t\t\t\t\t\t\t<\/div>\n\t\t\t\t<div class=\"elementor-element elementor-element-d3f4b23 elementor-widget elementor-widget-image\" data-id=\"d3f4b23\" data-element_type=\"widget\" data-widget_type=\"image.default\">\n\t\t\t\t\t\t\t\t\t\t\t\t\t\t\t<img decoding=\"async\" crossorigin=\"anonymous\" src=\"https:\/\/www.aviglianabasket.it\/wp-content\/uploads\/elementor\/thumbs\/AA_GIOVANILI-r9uh0pzbpfupuets1jqojrn5h0iur61hmceu8uoe9w.jpg\" title=\"AA_GIOVANILI\" alt=\"AA_GIOVANILI\" loading=\"lazy\" \/>\t\t\t\t\t\t\t\t\t\t\t\t\t\t\t<\/div>\n\t\t\t\t<div class=\"elementor-element elementor-element-e0a5c9b elementor-widget elementor-widget-text-editor\" data-id=\"e0a5c9b\" data-element_type=\"widget\" data-widget_type=\"text-editor.default\">\n\t\t\t\t\t\t\t\t\t<h3>Giovanili<\/h3><p>Per Ragazzi dai 12 ai 17 anni Sportt agonistico FIP-CSI<\/p>\t\t\t\t\t\t\t\t<\/div>\n\t\t\t\t<div class=\"elementor-element elementor-element-eafcd16 elementor-widget elementor-widget-image\" data-id=\"eafcd16\" data-element_type=\"widget\" data-widget_type=\"image.default\">\n\t\t\t\t\t\t\t\t\t\t\t\t\t\t\t<img decoding=\"async\" crossorigin=\"anonymous\" src=\"https:\/\/www.aviglianabasket.it\/wp-content\/uploads\/elementor\/thumbs\/AA_SENIOR-r9ug9zglb393lpnw5zopmij56gazt3wcm0dmtibj9g.jpeg\" title=\"AA_SENIOR\" alt=\"AA_SENIOR\" loading=\"lazy\" \/>\t\t\t\t\t\t\t\t\t\t\t\t\t\t\t<\/div>\n\t\t\t\t<div class=\"elementor-element elementor-element-131dabf elementor-widget elementor-widget-text-editor\" data-id=\"131dabf\" data-element_type=\"widget\" data-widget_type=\"text-editor.default\">\n\t\t\t\t\t\t\t\t\t<h3>Seniores<\/h3><p>Basket per adulti dai 18 ai 99 anni. Sport agonistico FIP &#8211; CSI &#8211; UISP<\/p>\t\t\t\t\t\t\t\t<\/div>\n\t\t\t\t<div class=\"elementor-element elementor-element-12460cc elementor-widget elementor-widget-image\" data-id=\"12460cc\" data-element_type=\"widget\" data-widget_type=\"image.default\">\n\t\t\t\t\t\t\t\t\t\t\t\t\t\t\t<img decoding=\"async\" crossorigin=\"anonymous\" src=\"https:\/\/www.aviglianabasket.it\/wp-content\/uploads\/elementor\/thumbs\/AA_BASKIN-r9ug9svpz903cfxg8eubn26x0r7fb86893t8gklah0.jpeg\" title=\"AA_BASKIN\" alt=\"AA_BASKIN\" loading=\"lazy\" \/>\t\t\t\t\t\t\t\t\t\t\t\t\t\t\t<\/div>\n\t\t\t\t<div class=\"elementor-element elementor-element-74bf6d0 elementor-widget elementor-widget-text-editor\" data-id=\"74bf6d0\" data-element_type=\"widget\" data-widget_type=\"text-editor.default\">\n\t\t\t\t\t\t\t\t\t<h3>Baskin<\/h3><p>Il basket inclusivo per tutti &#8211; Agonistico dai 14 anni in su. Societ\u00e0 affiliata EISI<\/p>\t\t\t\t\t\t\t\t<\/div>\n\t\t\t\t<\/div>\n\t\t<div class=\"elementor-element elementor-element-6eecaed e-con-full e-flex e-con e-child\" data-id=\"6eecaed\" data-element_type=\"container\">\n\t\t\t\t<div class=\"elementor-element elementor-element-feb0b3d elementor-widget elementor-widget-heading\" data-id=\"feb0b3d\" data-element_type=\"widget\" data-widget_type=\"heading.default\">\n\t\t\t\t\t<h1 class=\"elementor-heading-title elementor-size-default\">I NOSTRI NUMERI<\/h1>\t\t\t\t<\/div>\n\t\t<div class=\"elementor-element elementor-element-89fd936 e-grid e-con-full e-con e-child\" data-id=\"89fd936\" data-element_type=\"container\">\n\t\t<div class=\"elementor-element elementor-element-93bc799 e-con-full e-flex e-con e-child\" data-id=\"93bc799\" data-element_type=\"container\">\n\t\t\t\t<div class=\"elementor-element elementor-element-059fafc elementor-widget elementor-widget-counter\" data-id=\"059fafc\" data-element_type=\"widget\" data-widget_type=\"counter.default\">\n\t\t\t\t\t\t\t<div class=\"elementor-counter\">\n\t\t\t<div class=\"elementor-counter-title\">ISCRITTI<\/div>\t\t\t<div class=\"elementor-counter-number-wrapper\">\n\t\t\t\t<span class=\"elementor-counter-number-prefix\"><\/span>\n\t\t\t\t<span class=\"elementor-counter-number\" data-duration=\"2000\" data-to-value=\"430\" data-from-value=\"0\" data-delimiter=\",\">0<\/span>\n\t\t\t\t<span class=\"elementor-counter-number-suffix\"><\/span>\n\t\t\t<\/div>\n\t\t<\/div>\n\t\t\t\t\t\t<\/div>\n\t\t\t\t<\/div>\n\t\t<div class=\"elementor-element elementor-element-568f481 e-con-full e-flex e-con e-child\" data-id=\"568f481\" data-element_type=\"container\">\n\t\t\t\t<div class=\"elementor-element elementor-element-23e5a31 elementor-widget elementor-widget-counter\" data-id=\"23e5a31\" data-element_type=\"widget\" data-widget_type=\"counter.default\">\n\t\t\t\t\t\t\t<div class=\"elementor-counter\">\n\t\t\t<div class=\"elementor-counter-title\">Squadre<\/div>\t\t\t<div class=\"elementor-counter-number-wrapper\">\n\t\t\t\t<span class=\"elementor-counter-number-prefix\"><\/span>\n\t\t\t\t<span class=\"elementor-counter-number\" data-duration=\"2000\" data-to-value=\"30\" data-from-value=\"0\" data-delimiter=\",\">0<\/span>\n\t\t\t\t<span class=\"elementor-counter-number-suffix\"><\/span>\n\t\t\t<\/div>\n\t\t<\/div>\n\t\t\t\t\t\t<\/div>\n\t\t\t\t<\/div>\n\t\t<div class=\"elementor-element elementor-element-e04dea6 e-con-full e-flex e-con e-child\" data-id=\"e04dea6\" data-element_type=\"container\">\n\t\t\t\t<div class=\"elementor-element elementor-element-c2c4b79 elementor-widget elementor-widget-counter\" data-id=\"c2c4b79\" data-element_type=\"widget\" data-widget_type=\"counter.default\">\n\t\t\t\t\t\t\t<div class=\"elementor-counter\">\n\t\t\t<div class=\"elementor-counter-title\">ISTRUTTORI<\/div>\t\t\t<div class=\"elementor-counter-number-wrapper\">\n\t\t\t\t<span class=\"elementor-counter-number-prefix\"><\/span>\n\t\t\t\t<span class=\"elementor-counter-number\" data-duration=\"2000\" data-to-value=\"28\" data-from-value=\"0\" data-delimiter=\",\">0<\/span>\n\t\t\t\t<span class=\"elementor-counter-number-suffix\"><\/span>\n\t\t\t<\/div>\n\t\t<\/div>\n\t\t\t\t\t\t<\/div>\n\t\t\t\t<\/div>\n\t\t<div class=\"elementor-element elementor-element-f0c8d40 e-con-full e-flex e-con e-child\" data-id=\"f0c8d40\" data-element_type=\"container\">\n\t\t\t\t<div class=\"elementor-element elementor-element-679fdf7 elementor-widget elementor-widget-image\" data-id=\"679fdf7\" data-element_type=\"widget\" data-widget_type=\"image.default\">\n\t\t\t\t\t\t\t\t\t\t\t\t\t\t\t<img decoding=\"async\" crossorigin=\"anonymous\" width=\"150\" height=\"150\" src=\"https:\/\/www.aviglianabasket.it\/wp-content\/uploads\/2025\/08\/NEWS_001-removebg-preview-150x150.png\" class=\"attachment-thumbnail size-thumbnail wp-image-981\" alt=\"\" title=\"\">\t\t\t\t\t\t\t\t\t\t\t\t\t\t\t<\/div>\n\t\t\t\t<\/div>\n\t\t\t\t<\/div>\n\t\t\t\t<\/div>\n\t\t<div class=\"elementor-element elementor-element-7269d00 e-con-full e-flex e-con e-child\" data-id=\"7269d00\" data-element_type=\"container\">\n\t\t\t\t<div class=\"elementor-element elementor-element-b797587 elementor-widget elementor-widget-heading\" data-id=\"b797587\" data-element_type=\"widget\" data-widget_type=\"heading.default\">\n\t\t\t\t\t<h2 class=\"elementor-heading-title elementor-size-default\">GREENS POWER<\/h2>\t\t\t\t<\/div>\n\t\t\t\t<div class=\"elementor-element elementor-element-f3ec23e elementor-widget elementor-widget-image\" data-id=\"f3ec23e\" data-element_type=\"widget\" data-widget_type=\"image.default\">\n\t\t\t\t\t\t\t\t\t\t\t\t\t\t\t<img loading=\"lazy\" decoding=\"async\" crossorigin=\"anonymous\" width=\"1024\" height=\"448\" src=\"https:\/\/www.aviglianabasket.it\/wp-content\/uploads\/2025\/08\/AAA_ABGRUPPO-1536x672-1-1024x448.jpg\" class=\"attachment-large size-large wp-image-268\" alt=\"\" srcset=\"https:\/\/www.aviglianabasket.it\/wp-content\/uploads\/2025\/08\/AAA_ABGRUPPO-1536x672-1-1024x448.jpg 1024w, https:\/\/www.aviglianabasket.it\/wp-content\/uploads\/2025\/08\/AAA_ABGRUPPO-1536x672-1-300x131.jpg 300w, https:\/\/www.aviglianabasket.it\/wp-content\/uploads\/2025\/08\/AAA_ABGRUPPO-1536x672-1-768x336.jpg 768w, https:\/\/www.aviglianabasket.it\/wp-content\/uploads\/2025\/08\/AAA_ABGRUPPO-1536x672-1.jpg 1536w\" sizes=\"(max-width: 1024px) 100vw, 1024px\" title=\"\">\t\t\t\t\t\t\t\t\t\t\t\t\t\t\t<\/div>\n\t\t\t\t<\/div>\n\t\t\t\t<\/div>\n\t\t\t\t<\/div>\n\t\t","protected":false},"excerpt":{"rendered":"<p>LA NOSTRA STORIA Non sono passati nemmeno 8 anni da quando abbiamo deciso di tuffarci in questa avventura. Allora avevamo [&hellip;]<\/p>\n","protected":false},"author":1,"featured_media":0,"parent":0,"menu_order":0,"comment_status":"closed","ping_status":"closed","template":"","meta":{"site-sidebar-layout":"default","site-content-layout":"","ast-site-content-layout":"default","site-content-style":"default","site-sidebar-style":"default","ast-global-header-display":"","ast-banner-title-visibility":"","ast-main-header-display":"","ast-hfb-above-header-display":"","ast-hfb-below-header-display":"","ast-hfb-mobile-header-display":"","site-post-title":"disabled","ast-breadcrumbs-content":"","ast-featured-img":"","footer-sml-layout":"","theme-transparent-header-meta":"","adv-header-id-meta":"","stick-header-meta":"","header-above-stick-meta":"","header-main-stick-meta":"","header-below-stick-meta":"","astra-migrate-meta-layouts":"default","ast-page-background-enabled":"default","ast-page-background-meta":{"desktop":{"background-color":"var(--ast-global-color-5)","background-image":"","background-repeat":"repeat","background-position":"center center","background-size":"auto","background-attachment":"scroll","background-type":"","background-media":"","overlay-type":"","overlay-color":"","overlay-opacity":"","overlay-gradient":""},"tablet":{"background-color":"","background-image":"","background-repeat":"repeat","background-position":"center center","background-size":"auto","background-attachment":"scroll","background-type":"","background-media":"","overlay-type":"","overlay-color":"","overlay-opacity":"","overlay-gradient":""},"mobile":{"background-color":"","background-image":"","background-repeat":"repeat","background-position":"center center","background-size":"auto","background-attachment":"scroll","background-type":"","background-media":"","overlay-type":"","overlay-color":"","overlay-opacity":"","overlay-gradient":""}},"ast-content-background-meta":{"desktop":{"background-color":"var(--ast-global-color-4)","background-image":"","background-repeat":"repeat","background-position":"center center","background-size":"auto","background-attachment":"scroll","background-type":"","background-media":"","overlay-type":"","overlay-color":"","overlay-opacity":"","overlay-gradient":""},"tablet":{"background-color":"var(--ast-global-color-4)","background-image":"","background-repeat":"repeat","background-position":"center center","background-size":"auto","background-attachment":"scroll","background-type":"","background-media":"","overlay-type":"","overlay-color":"","overlay-opacity":"","overlay-gradient":""},"mobile":{"background-color":"var(--ast-global-color-4)","background-image":"","background-repeat":"repeat","background-position":"center center","background-size":"auto","background-attachment":"scroll","background-type":"","background-media":"","overlay-type":"","overlay-color":"","overlay-opacity":"","overlay-gradient":""}},"footnotes":""},"class_list":["post-254","page","type-page","status-publish","hentry"],"_links":{"self":[{"href":"https:\/\/www.aviglianabasket.it\/index.php?rest_route=\/wp\/v2\/pages\/254","targetHints":{"allow":["GET"]}}],"collection":[{"href":"https:\/\/www.aviglianabasket.it\/index.php?rest_route=\/wp\/v2\/pages"}],"about":[{"href":"https:\/\/www.aviglianabasket.it\/index.php?rest_route=\/wp\/v2\/types\/page"}],"author":[{"embeddable":true,"href":"https:\/\/www.aviglianabasket.it\/index.php?rest_route=\/wp\/v2\/users\/1"}],"replies":[{"embeddable":true,"href":"https:\/\/www.aviglianabasket.it\/index.php?rest_route=%2Fwp%2Fv2%2Fcomments&post=254"}],"version-history":[{"count":58,"href":"https:\/\/www.aviglianabasket.it\/index.php?rest_route=\/wp\/v2\/pages\/254\/revisions"}],"predecessor-version":[{"id":5853,"href":"https:\/\/www.aviglianabasket.it\/index.php?rest_route=\/wp\/v2\/pages\/254\/revisions\/5853"}],"wp:attachment":[{"href":"https:\/\/www.aviglianabasket.it\/index.php?rest_route=%2Fwp%2Fv2%2Fmedia&parent=254"}],"curies":[{"name":"wp","href":"https:\/\/api.w.org\/{rel}","templated":true}]}}